{"id":48,"date":"2017-11-05T20:12:23","date_gmt":"2017-11-05T20:12:23","guid":{"rendered":"http:\/\/raphaelajann.kai-beckhaus.de\/?page_id=48"},"modified":"2020-10-23T20:24:41","modified_gmt":"2020-10-23T20:24:41","slug":"reporter-and-journalist","status":"publish","type":"page","link":"https:\/\/raphaelajann.com\/?page_id=48","title":{"rendered":"Reporter &#038; Journalist"},"content":{"rendered":"<p><\/p>\n<h1>Offer<\/h1>\n<p>I cover all types of events, competitions and matches going beyond sports and can conduct interviews in five languages (<strong>ENG, ESP, FRA, GER, POR<\/strong>). I also work as a correspondent.<\/p>\n<h1><img loading=\"lazy\" decoding=\"async\" class=\"size-medium wp-image-85 alignleft\" src=\"https:\/\/raphaelajann.com\/wp-content\/uploads\/2017\/11\/20130709_204108-1-1-300x225.jpg\" alt=\"\" width=\"300\" height=\"225\" srcset=\"https:\/\/raphaelajann.com\/wp-content\/uploads\/2017\/11\/20130709_204108-1-1-300x225.jpg 300w, https:\/\/raphaelajann.com\/wp-content\/uploads\/2017\/11\/20130709_204108-1-1-768x576.jpg 768w, https:\/\/raphaelajann.com\/wp-content\/uploads\/2017\/11\/20130709_204108-1-1-1024x768.jpg 1024w\" sizes=\"auto, (max-width: 300px) 100vw, 300px\" \/><\/h1>\n<h1>Experience as Reporter and Journalist<\/h1>\n<ul>\n<li>Covered IIHF Ice Hockey World Championship in Denmark 2018 as ENG producer and journalist<\/li>\n<li>Covered MLS Cup Conference Finals 2016 with interviews of the biggest stars \u00a0producing (shoot &amp; edit) a 26\u2019 exclusive feature<\/li>\n<li>UEFA EURO 2016 France<img loading=\"lazy\" decoding=\"async\" class=\"alignright wp-image-163\" src=\"https:\/\/raphaelajann.com\/wp-content\/uploads\/2017\/11\/IMG_2097-e1510075124567-150x150.jpg\" alt=\"\" width=\"85\" height=\"64\" srcset=\"https:\/\/raphaelajann.com\/wp-content\/uploads\/2017\/11\/IMG_2097-e1510075124567-300x225.jpg 300w, https:\/\/raphaelajann.com\/wp-content\/uploads\/2017\/11\/IMG_2097-e1510075124567-768x576.jpg 768w, https:\/\/raphaelajann.com\/wp-content\/uploads\/2017\/11\/IMG_2097-e1510075124567-1024x768.jpg 1024w, https:\/\/raphaelajann.com\/wp-content\/uploads\/2017\/11\/IMG_2097-e1510075124567.jpg 1280w\" sizes=\"auto, (max-width: 85px) 100vw, 85px\" \/>\n<ul>\n<li>Reported around the Euro to produce a daily live show as a non rights holder<\/li>\n<\/ul>\n<\/li>\n<li>ATP tournaments, Grand Slams, UEFA Champions League, UEFA Europa League, Bundesliga, Ligue 1, U21, Women\u2019s Bundesliga and Champions League<\/li>\n<li>Fed Cup Final Prague 2014 \u00a0 \u00a0 \u00a0 \u00a0<img loading=\"lazy\" decoding=\"async\" class=\"alignright wp-image-90 size-medium\" style=\"font-size: 1rem;\" src=\"https:\/\/raphaelajann.com\/wp-content\/uploads\/2017\/11\/20141109_164318-300x169.jpg\" alt=\"\" width=\"300\" height=\"169\" srcset=\"https:\/\/raphaelajann.com\/wp-content\/uploads\/2017\/11\/20141109_164318-300x169.jpg 300w, https:\/\/raphaelajann.com\/wp-content\/uploads\/2017\/11\/20141109_164318-768x432.jpg 768w, https:\/\/raphaelajann.com\/wp-content\/uploads\/2017\/11\/20141109_164318-1024x576.jpg 1024w\" sizes=\"auto, (max-width: 300px) 100vw, 300px\" \/><\/li>\n<li>Shot and edited reports with football players and coaches from multiple leagues<\/li>\n<li>World Cup playoff Portugal v Sweden<\/li>\n<li>Bayern and Schalke Training Camps Trentino &amp; Doha<\/li>\n<li>Conducted live and recorded interviews in five languages<\/li>\n<li>Performed simultaneous live interview and stand-up translations<\/li>\n<li>Cut, edited and produced reports and news for various shows and sports<\/li>\n<\/ul>\n<p><iframe loading=\"lazy\" title=\"Bayern Training Camp DOHA 2014\" width=\"525\" height=\"295\" src=\"https:\/\/www.youtube.com\/embed\/xpOWdIFaqI4?feature=oembed\" frameborder=\"0\" allow=\"accelerometer; autoplay; clipboard-write; encrypted-media; gyroscope; picture-in-picture; web-share\" referrerpolicy=\"strict-origin-when-cross-origin\" allowfullscreen><\/iframe><\/p>\n<p>Here is a list of some of the one on one interviews I have conducted:<\/p>\n<p><span style=\"text-decoration: underline;\">Football<\/span>: Robert Lewandowski, Thomas M\u00fcller, Arjen Robben, Philipp Lahm, Manuel Neuer, Javier Martinez, Jerome Boateng, Rafael van der Vaart, Julian Draxler, Andre Sch\u00fcrrle, Stefan Kie\u00dfling, Marco Reus, Klaas-Jan Huntelaar, Benedikt H\u00f6wedes, J\u00fcrgen Klopp, Thomas Tuchel, Matthias Sammer, Michael Zorc, Thomas Schaaf, Felix Magath, Bruno Labbadia, Rudi V\u00f6ller, Dante, Dennis Aogo, Rafinha, William Kvist, Tim Borowski, Naldo, Klaus Allofs,\u00a0Huub Stevens, Lewis Holtby, Kevin Trapp, Felipe Santana, Neven Subotic, Horst Hrubesch, Sami Hyypi\u00e4, Lucien Favre, Lucas Mourra, Christian Fuchs, Sebastian Kehl, Grafite, Lucas Barrios, Patrick Ochs, Patrick Helmes, Thorsten Liebknecht, Frank Arnesen, Marco Kurz, \u00a0Michael Mancienne, Christian Tiffert, Clemens Fritz, Marko Marin, Jos Luhukay, Simon Jentzsch, Uwe M\u00f6hrle, Christian Tr\u00e4sch, Jermaine Jones, Lukasz Kubot, Alexander Meier, Pirmin Schwegler, Vedad Ibisevic, Rodnei, Tim Borowski, Takashi Inui, Marcel Sch\u00e4fer, Johan Elmander, Sebastian Giovinco, Per Nilsson, Kim K\u00e4llstr\u00f6m, Dennis Kruppke,\u00a0Brian Schmetzer, Jordan Morris, Stefan Frei, Nelson Valdez, Osvaldo Alonso, Nicolas Lodeiro, Andreas Ivanschitz, Michael Bradley, Greg Vanney, Clint Irwin, Justin Morrow, Benoit Cheyrou, Jonathan Osorio, Tosaint Ricketts,\u00a0Viorel Moldovan, Christian Ziege, Thomas Berthold, Steffen Freund, Christian Ziege, Patrick Owomoyela, Patrik Andersson, Beto<span style=\"font-size: 1rem;\"><br \/>\n<\/span><span style=\"font-size: 1rem;\"><img loading=\"lazy\" decoding=\"async\" class=\"alignleft wp-image-23 size-medium\" src=\"https:\/\/raphaelajann.com\/wp-content\/uploads\/2017\/11\/05-225x300.jpg\" alt=\"\" width=\"225\" height=\"300\" srcset=\"https:\/\/raphaelajann.com\/wp-content\/uploads\/2017\/11\/05-225x300.jpg 225w, https:\/\/raphaelajann.com\/wp-content\/uploads\/2017\/11\/05.jpg 262w\" sizes=\"auto, (max-width: 225px) 100vw, 225px\" \/>Melanie Behringer, Nadine Angerer, Silvia Neid, Anja Mittag, Mark Sampson, Stephanie Houghton, Colin Bell, Saskia Bartusiak, Dzenifer Marozsan, Hope Solo, Celia Sasic, Simone Laudehr, Alexandra Popp, Tabea Kemme, Leonie Maier, Toni Duggan, Ada Hegerberg, Isabell Herlovsen, Annike Krahn, Melanie Leupolz, Sarah Daebritz, Lena Petermann, Doris Fitschen<\/span><\/p>\n<p><span style=\"text-decoration: underline;\">Tennis<\/span>: Rafael Nadal, Roger Federer, Andy Murray, Jo-Wilfried Tsonga, Tomas Berdych, Juan Martin del Potro,\u00a0Milos Raonic, Gael Monfils, David Ferrer,\u00a0Andeas Seppi,\u00a0Fernando Verdasco, Robin Soderling, Nicolas Almagro,\u00a0Philipp Kohlschreiber,\u00a0Fabio Fognini, Florian Mayer,\u00a0Marcel Granollers<br \/>\nMaria Sharapova, Victoria Azarenka,\u00a0Li Na, Petra Kvitova, Kim Clijsters, Sam Stosur, Agnieszka Radwanska, Svetlana Ku<span style=\"font-size: 1rem;\">znetsova, Julia G\u00f6rges,\u00a0Jelena Jankovic,\u00a0Dominika Cibulkova, Francesca Schiavone, Sara Errani,\u00a0Vera Zvonareva, Andrea Petkovic, Petra Martic, Urszula Radwanska,\u00a0Dinah Pfizenmaier<\/span><\/p>\n<p><span style=\"text-decoration: underline;\">Ice hockey, handball, field hockey<\/span>: Patrick Kane, Charlie McAvoy, Sebastian Aho, Brayden Schenn, Nick Bonino, Cam Atkinson, Bo Horvat, Frederik Andersen, Will Butcher, Chris Kreider, Mikko Rantanen, Dylan Larkin, Johnny Gaudreau, Teuvo Teravainen, Korbinian Holzer, Mikael Granlund, Elvis Merzlikins, Nino Niederreiter, Roman Josi, Moritz M\u00fcller, Timo Meier, Alexander Bonsaksen, Oliver Bjorkstrand, Oliver Lauridsen, Rihards Bukarts, Miro Heiskanen, Ken Andre Olimb, Miika Koivisto, John Tripp, Alexander Barta, Jason King, Jean-Marc Pelletier, Paul Gardner, Artis Abols; Nikola Karabatic, Kentin Mah\u00e9, Hans Lindberg, Viran Morros,\u00a0Gonzalo P\u00e9rez de Vargas,\u00a0Alex Dujshebaev, Julen\u00a0Aguinagalde,\u00a0Bertrand Gille, Andreas Palicka, Jerry Tollbring, Ren\u00e9 Toft Hansen, Tobias Reichmann,\u00a0Kristian Bj\u00f8rnsen, Christian O&#8217;Sullivan,\u00a0\u017darko \u0160e\u0161um, Ra\u00fal Gonz\u00e1lez Guti\u00e9rrez, Stefan L\u00f6vgren, Dominik Klein, Michael Wiederer; Moritz F\u00fcrst, Thobias Hauke, Florian Fuchs, Oskar Deeke<\/p>","protected":false},"excerpt":{"rendered":"<p>Offer I cover all types of events, competitions and matches going beyond sports and can conduct interviews in five languages (ENG, ESP, FRA, GER, POR). I also work as a correspondent. Experience as Reporter and Journalist Covered IIHF Ice Hockey World Championship in Denmark 2018 as ENG producer and journalist Covered MLS Cup Conference Finals &hellip; <\/p>\n<p class=\"link-more\"><a href=\"https:\/\/raphaelajann.com\/?page_id=48\" class=\"more-link\">Continue reading<span class=\"screen-reader-text\"> &#8220;Reporter &#038; Journalist&#8221;<\/span><\/a><\/p>\n","protected":false},"author":2,"featured_media":25,"parent":0,"menu_order":0,"comment_status":"closed","ping_status":"closed","template":"","meta":{"footnotes":""},"class_list":["post-48","page","type-page","status-publish","has-post-thumbnail","hentry"],"_links":{"self":[{"href":"https:\/\/raphaelajann.com\/index.php?rest_route=\/wp\/v2\/pages\/48","targetHints":{"allow":["GET"]}}],"collection":[{"href":"https:\/\/raphaelajann.com\/index.php?rest_route=\/wp\/v2\/pages"}],"about":[{"href":"https:\/\/raphaelajann.com\/index.php?rest_route=\/wp\/v2\/types\/page"}],"author":[{"embeddable":true,"href":"https:\/\/raphaelajann.com\/index.php?rest_route=\/wp\/v2\/users\/2"}],"replies":[{"embeddable":true,"href":"https:\/\/raphaelajann.com\/index.php?rest_route=%2Fwp%2Fv2%2Fcomments&post=48"}],"version-history":[{"count":30,"href":"https:\/\/raphaelajann.com\/index.php?rest_route=\/wp\/v2\/pages\/48\/revisions"}],"predecessor-version":[{"id":511,"href":"https:\/\/raphaelajann.com\/index.php?rest_route=\/wp\/v2\/pages\/48\/revisions\/511"}],"wp:featuredmedia":[{"embeddable":true,"href":"https:\/\/raphaelajann.com\/index.php?rest_route=\/wp\/v2\/media\/25"}],"wp:attachment":[{"href":"https:\/\/raphaelajann.com\/index.php?rest_route=%2Fwp%2Fv2%2Fmedia&parent=48"}],"curies":[{"name":"wp","href":"https:\/\/api.w.org\/{rel}","templated":true}]}}